{"id":72,"date":"2009-08-06T19:13:54","date_gmt":"2009-08-06T17:13:54","guid":{"rendered":"http:\/\/www.pcdoc-webhoster.de\/steinbruegger\/?page_id=72"},"modified":"2010-04-17T12:08:18","modified_gmt":"2010-04-17T10:08:18","slug":"ersatzteilanfrage","status":"publish","type":"page","link":"https:\/\/www.steinbruegger-autoteile.de\/?page_id=72","title":{"rendered":"Ersatzteilanfrage"},"content":{"rendered":"<p>Sie suchen ein Ersatzteil f\u00fcr Ihr Fahrzeug? Bitten F\u00fcllen Sie dieses kleine Formular aus und senden Sie es an uns. Wir ermitteln Ihre Fahrzeugdaten und senden Ihnen schnellst M\u00f6glich ein Angebot:<\/p>\n<p>Alle Felder mit einem (*) sind Pflichtfelder und m\u00fcssen ausgef\u00fcllt werden.<\/p>\n<p>&#160;<\/p>\n<p>\n<div class=\"mmf\" id=\"mmf-f1-p72-o1\">\n<form action=\"\/index.php?rest_route=%2Fwp%2Fv2%2Fpages%2F72#mmf-f1-p72-o1\" method=\"post\" class=\"mmf-form\"><input type=\"hidden\" name=\"_mmf\" value=\"1\" \/><input type=\"hidden\" name=\"_mmf_unit_tag\" value=\"mmf-f1-p72-o1\" \/><input type=\"hidden\" name=\"page_post_id\" value=\"\" \/><input type=\"hidden\" name=\"page_post_title\" value=\"\" \/>\n<p><label for=\"text-666\">Schluesselnummer zu2: (*)<br \/>\n    <span class=\"mmf-form-control-wrap text-666\">&nbsp;<input type=\"text\"  name=\"text-666\" value=\"\" class=\"mmf-validates-as-required\" size=\"40\" \/><\/span><\/p>\n<p><\/label><\/p>\n<p><label for=\"text-666\">Schluesselnummer zu3: (*)<br \/>\n    <span class=\"mmf-form-control-wrap text-666\">&nbsp;<input type=\"text\"  name=\"text-666\" value=\"\" class=\"mmf-validates-as-required\" size=\"40\" \/><\/span><\/p>\n<p><\/label><\/p>\n<p><label>Ihr Name (*)<br \/>\n    <span class=\"mmf-form-control-wrap your-name\">&nbsp;<input type=\"text\"  name=\"your-name\" value=\"\" class=\"mmf-validates-as-required\" size=\"40\" \/><\/span> <\/label><\/p>\n<p><label for=\"text-94\">Telefonnummer fuer Rueckfragen: (*)<br \/>\n    <span class=\"mmf-form-control-wrap text-94\">&nbsp;<input type=\"text\"  name=\"text-94\" value=\"\" class=\"mmf-validates-as-required\" size=\"40\" \/><\/span><\/p>\n<p><\/label><\/p>\n<p><label>Ihre E-Mail (*)<br \/>\n    <span class=\"mmf-form-control-wrap your-email\">&nbsp;<input type=\"text\"  name=\"your-email\" value=\"\" class=\"mmf-validates-as-email mmf-validates-as-required\" size=\"40\" \/><\/span> <\/label><\/p>\n<p><label>Betreff<br \/>\n    <span class=\"mmf-form-control-wrap your-subject\">&nbsp;<input type=\"text\"  name=\"your-subject\" value=\"\" size=\"40\" \/><\/span> <\/label><\/p>\n<p><label>Ihre Nachricht<br \/>\n    <span class=\"mmf-form-control-wrap your-message\"><textarea name=\"your-message\" cols=\"40\" rows=\"10\"><\/textarea><\/span> <\/label><\/p>\n<p><label for=\"captcha-47\">Bitte Captcha Code eingeben:<br \/>\n     <span class=\"mmf-form-control-wrap captcha-47\">&nbsp;<input type=\"text\"  name=\"captcha-47\" value=\"\" size=\"40\" \/><\/span><input type=\"hidden\" name=\"_mmf_captcha_challenge_captcha-47\" value=\"390017751\" \/><img decoding=\"async\" loading=\"lazy\" alt=\"captcha\" src=\"http:\/\/www.steinbruegger-autoteile.de\/wp-content\/plugins\/mm-forms\/captcha\/tmp\/390017751.png\" class=\"mmf-captcha-captcha-47\" width=\"72\" height=\"24\" \/><\/label><\/p>\n<p><input type=\"submit\" value=\"Anfrage abschicken\" \/> <img decoding=\"async\" class=\"ajax-loader\" style=\"visibility: hidden;\" alt=\"ajax loader\" src=\"http:\/\/www.steinbruegger-autoteile.de\/wp-content\/plugins\/mm-forms\/images\/ajax-loader.gif\" \/><\/p>\n<\/form>\n<div class=\"mmf-response-output\"><\/div>\n<\/div>\n<p>&#160;<\/p>\n<p><img decoding=\"async\" loading=\"lazy\" style=\"border-bottom: 0px; border-left: 0px; display: block; float: none; margin-left: auto; border-top: 0px; margin-right: auto; border-right: 0px\" title=\"BMW\" border=\"0\" alt=\"BMW\" src=\"http:\/\/www.pcdoc-webhoster.de\/steinbruegger\/wp-content\/uploads\/bmw1.png\" width=\"314\" height=\"201\" \/><\/p>\n","protected":false},"excerpt":{"rendered":"<p>Sie suchen ein Ersatzteil f\u00fcr Ihr Fahrzeug? Bitten F\u00fcllen Sie dieses kleine Formular aus und senden Sie es an uns. Wir ermitteln Ihre Fahrzeugdaten und senden Ihnen schnellst M\u00f6glich ein Angebot: Alle Felder mit einem (*) sind Pflichtfelder und m\u00fcssen ausgef\u00fcllt werden. &#160; Schluesselnummer zu2: (*) &nbsp; Schluesselnummer zu3: (*) &nbsp; Ihr Name (*) &nbsp; [&hellip;]<\/p>\n","protected":false},"author":1,"featured_media":0,"parent":0,"menu_order":0,"comment_status":"closed","ping_status":"open","template":"","meta":[],"_links":{"self":[{"href":"https:\/\/www.steinbruegger-autoteile.de\/index.php?rest_route=\/wp\/v2\/pages\/72"}],"collection":[{"href":"https:\/\/www.steinbruegger-autoteile.de\/index.php?rest_route=\/wp\/v2\/pages"}],"about":[{"href":"https:\/\/www.steinbruegger-autoteile.de\/index.php?rest_route=\/wp\/v2\/types\/page"}],"author":[{"embeddable":true,"href":"https:\/\/www.steinbruegger-autoteile.de\/index.php?rest_route=\/wp\/v2\/users\/1"}],"replies":[{"embeddable":true,"href":"https:\/\/www.steinbruegger-autoteile.de\/index.php?rest_route=%2Fwp%2Fv2%2Fcomments&post=72"}],"version-history":[{"count":12,"href":"https:\/\/www.steinbruegger-autoteile.de\/index.php?rest_route=\/wp\/v2\/pages\/72\/revisions"}],"predecessor-version":[{"id":101,"href":"https:\/\/www.steinbruegger-autoteile.de\/index.php?rest_route=\/wp\/v2\/pages\/72\/revisions\/101"}],"wp:attachment":[{"href":"https:\/\/www.steinbruegger-autoteile.de\/index.php?rest_route=%2Fwp%2Fv2%2Fmedia&parent=72"}],"curies":[{"name":"wp","href":"https:\/\/api.w.org\/{rel}","templated":true}]}}